{"id":9,"date":"2011-07-21T10:26:54","date_gmt":"2011-07-21T10:26:54","guid":{"rendered":"http:\/\/www.henning-foerster.de\/?page_id=9"},"modified":"2023-12-21T16:52:02","modified_gmt":"2023-12-21T15:52:02","slug":"zur-person","status":"publish","type":"page","link":"https:\/\/henning-foerster.de\/?page_id=9","title":{"rendered":"Zur Person"},"content":{"rendered":"<div class=\"wp-block-image is-style-default\">\n<figure class=\"alignleft size-full is-resized\"><img loading=\"lazy\" decoding=\"async\" width=\"1417\" height=\"2048\" src=\"https:\/\/henning-foerster.de\/wp-content\/media library\/2021\/02\/Profilbild.jpg\" alt=\"\" class=\"wp-image-13247\" style=\"width:354px;height:512px\" srcset=\"https:\/\/henning-foerster.de\/wp-content\/media%20library\/2021\/02\/Profilbild.jpg 1417w, https:\/\/henning-foerster.de\/wp-content\/media%20library\/2021\/02\/Profilbild-208x300.jpg 208w, https:\/\/henning-foerster.de\/wp-content\/media%20library\/2021\/02\/Profilbild-709x1024.jpg 709w, https:\/\/henning-foerster.de\/wp-content\/media%20library\/2021\/02\/Profilbild-768x1110.jpg 768w, https:\/\/henning-foerster.de\/wp-content\/media%20library\/2021\/02\/Profilbild-1063x1536.jpg 1063w\" sizes=\"auto, (max-width: 1417px) 100vw, 1417px\" \/><\/figure>\n<\/div>\n\n\n<p>Ich wurde 1975 in Gotha (Th\u00fcringen) geboren. Die meiste Zeit meiner Kindheit und Jugend verbrachte ich in Schwedt\/Oder. Dort besuchte ich zun\u00e4chst die POS und nach der Wende das Gymnasium. Nach dem Abitur absolvierte ich meinen Zivildienst im Alten- und Pflegeheim des DRK. Auf der Suche nach dem richtigen Beruf half mir schlie\u00dflich eine Familientradition. Bereits Gro\u00df- und Urgro\u00dfv\u00e4ter waren Eisenbahner und so nahm ich Mitte der neunziger Jahre meine kaufm\u00e4nnische Ausbildung bei der DB AG in Erfurt auf.<\/p>\n\n\n\n<p>Vor 25 Jahren kam ich nach Schwerin. In meiner neuen Firma begann ich als Telefonagent, qualifizierte mich und arbeitete sp\u00e4ter in verschiedenen Abteilungen als Teamleiter. Parallel studierte ich einige Semester Politik und Geschichte an der Fernuniversit\u00e4t Hagen sowie bei bei der SGD Darmstadt. Ich war weiter gewerkschaftlich engagiert, wurde Vertrauensperson, Betriebsrat und 2006 schlie\u00dflich dessen Vorsitzender. Parallel \u00fcbernahm ich als Tarifkommissions- und Ortsvorstandsmitglied der EVG Verantwortung. Noch heute vertrete ich diese beim DGB Stadtvorstand. Als nach 2000 den Gewerkschaften ihr \u201enat\u00fcrlicher Partner\u201c in der Politik abhanden kam, beschloss ich schlie\u00dflich, mich auch politisch zu engagieren.<\/p>\n\n\n\n<p>So kam ich vor 20 Jahren zur Linken. Im Laufe der Jahre habe ich viele ehrenamtlich Positionen bekleidet. Bei der Kommunalwahl 2009 wurde ich erstmals in die Stadtvertretung gew\u00e4hlt. Seit 2011 bin ich mit einem dreiviertel Jahr Unterbrechung auch Abgeordneter des Landtages.<\/p>\n","protected":false},"excerpt":{"rendered":"<p>Ich wurde 1975 in Gotha (Th\u00fcringen) geboren. Die meiste Zeit meiner Kindheit und Jugend verbrachte ich in Schwedt\/Oder. Dort besuchte ich zun\u00e4chst die POS und nach der Wende das Gymnasium. Nach dem Abitur absolvierte ich meinen Zivildienst im Alten- und Pflegeheim des DRK. Auf der Suche nach dem richtigen Beruf half mir schlie\u00dflich eine Familientradition. [&hellip;]<\/p>\n","protected":false},"author":1,"featured_media":0,"parent":0,"menu_order":0,"comment_status":"closed","ping_status":"closed","template":"","meta":{"ngg_post_thumbnail":0,"footnotes":""},"class_list":["post-9","page","type-page","status-publish","hentry"],"_links":{"self":[{"href":"https:\/\/henning-foerster.de\/index.php?rest_route=\/wp\/v2\/pages\/9","targetHints":{"allow":["GET"]}}],"collection":[{"href":"https:\/\/henning-foerster.de\/index.php?rest_route=\/wp\/v2\/pages"}],"about":[{"href":"https:\/\/henning-foerster.de\/index.php?rest_route=\/wp\/v2\/types\/page"}],"author":[{"embeddable":true,"href":"https:\/\/henning-foerster.de\/index.php?rest_route=\/wp\/v2\/users\/1"}],"replies":[{"embeddable":true,"href":"https:\/\/henning-foerster.de\/index.php?rest_route=%2Fwp%2Fv2%2Fcomments&post=9"}],"version-history":[{"count":22,"href":"https:\/\/henning-foerster.de\/index.php?rest_route=\/wp\/v2\/pages\/9\/revisions"}],"predecessor-version":[{"id":15415,"href":"https:\/\/henning-foerster.de\/index.php?rest_route=\/wp\/v2\/pages\/9\/revisions\/15415"}],"wp:attachment":[{"href":"https:\/\/henning-foerster.de\/index.php?rest_route=%2Fwp%2Fv2%2Fmedia&parent=9"}],"curies":[{"name":"wp","href":"https:\/\/api.w.org\/{rel}","templated":true}]}}