{"id":58,"date":"2011-11-29T10:09:33","date_gmt":"2011-11-29T09:09:33","guid":{"rendered":"http:\/\/henning-foerster.de\/?page_id=58"},"modified":"2024-03-12T10:55:50","modified_gmt":"2024-03-12T09:55:50","slug":"initiativen-land","status":"publish","type":"page","link":"https:\/\/henning-foerster.de\/?page_id=58","title":{"rendered":"Landtagsantr\u00e4ge"},"content":{"rendered":"<p style=\"text-align: justify;\">Hier finden Sie ab sofort die Landtagsantr\u00e4ge, die in meinem Zust\u00e4ndigkeitsbereich erarbeitet wurden. Zum Lesen bitte einfach den Antragstitel anklicken.<\/p>\n<ul>\n<li><a href=\"https:\/\/www.dokumentation.landtag-mv.de\/parldok\/dokument\/60010\/betriebliche_gesundheitsfoerderung_in_klein_und_kleinstbetrieben_verbessern_betrieblichen_praeventionspreis_mecklenburg_vorpomme.pdf\">Schulsozialarbeiterinnen und -arbeiter an beruflichen Schulen des Landes Mecklenburg-Vorpommern<\/a><\/li>\n<li><a href=\"https:\/\/www.dokumentation.landtag-mv.de\/parldok\/dokument\/57242\/handwerk_in_mecklenburg_vorpommern_attraktiv_und_zukunftsfaehig_entwickeln.pdf\"> <span class=\"fontstyle0\">Handwerk in Mecklenburg-Vorpommern attraktiv und zukunftsf\u00e4hig entwickeln<\/span><\/a><\/li>\n<li><a href=\"https:\/\/www.dokumentation.landtag-mv.de\/parldok\/dokument\/56846\/erfolgsgeschichte_fortschreiben_zukunftsbranche_gesundheitswirtschaft_weiter_voranbringen.pdf\"> <span class=\"fontstyle0\">Erfolgsgeschichte fortschreiben \u2013 Zukunftsbranche Gesundheitswirtschaft<br \/>\nweiter voranbringen<\/span><\/a><\/li>\n<li><a href=\"https:\/\/www.dokumentation.landtag-mv.de\/parldok\/dokument\/56253\/radverkehr_staerken_beratung_zu_foerdermoeglichkeiten_und_verbesserungen_von_infrastruktur_etablieren.pdf\"> <span class=\"fontstyle0\">Radverkehr st\u00e4rken \u2013 Beratung zu F\u00f6rderm\u00f6glichkeiten und Verbesserungen<br \/>\nvon Infrastruktur etablieren<\/span><\/a><\/li>\n<li><a href=\"https:\/\/www.dokumentation.landtag-mv.de\/parldok\/dokument\/56079\/sozialpartnerschaft_staerken_betriebs_und_personalraetepreis_mecklenburg_vorpommern_verleihen.pdf\"> <span class=\"fontstyle0\">Sozialpartnerschaft st\u00e4rken \u2013 Betriebs- und Personalr\u00e4tepreis MecklenburgVorpommern verleihen<\/span><\/a><\/li>\n<li><a href=\"https:\/\/www.dokumentation.landtag-mv.de\/parldok\/dokument\/55449\/mecklenburg_vorpommern_zum_land_der_guten_arbeit_weiter_entwickeln.pdf\"> <span class=\"fontstyle0\">Mecklenburg-Vorpommern zum Land der Guten Arbeit weiter entwickeln<\/span><\/a><\/li>\n<li><a href=\"https:\/\/www.dokumentation.landtag-mv.de\/parldok\/dokument\/55141\/fachkraeftemangel_bekaempfen_potenzial_von_arbeitslosen_akademikerinnen_und_akademikern_staerker_in_den_fokus_nehmen.pdf\"> <span class=\"fontstyle0\">Fachkr\u00e4ftemangel bek\u00e4mpfen \u2013 Potenzial von arbeitslosen Akademikerinnen<br \/>\nund Akademikern st\u00e4rker in den Fokus nehmen<\/span><\/a><\/li>\n<li><a href=\"https:\/\/www.dokumentation.landtag-mv.de\/parldok\/dokument\/54459\/fuer_einen_campingtourismus_am_puls_der_zeit_landesverordnung_an_aktuelle_herausforderungen_und_beduerfnisse_anpassen.pdf\"> <span class=\"fontstyle0\">F\u00fcr einen Campingtourismus am Puls der Zeit \u2013 Landesverordnung an aktuelle<br \/>\nHerausforderungen und Bed\u00fcrfnisse anpassen<\/span><\/a><\/li>\n<li><a href=\"https:\/\/www.dokumentation.landtag-mv.de\/parldok\/dokument\/52675\/lebensqualitaet_und_sozialen_zusammenhalt_im_laendlichen_raum_staerken_kleine_gastronomiebetriebe_unterstuetzen.pdf\"><span class=\"fontstyle0\">Lebensqualit\u00e4t und sozialen Zusammenhalt im l\u00e4ndlichen Raum st\u00e4rken \u2013 kleine<br \/>\nGastronomiebetriebe unterst\u00fctzen<\/span><\/a><\/li>\n<li><a href=\"https:\/\/www.dokumentation.landtag-mv.de\/parldok\/dokument\/52004\/arbeitsmarktanalyse_und_fachkraeftestrategie_fuer_mecklenburg_vorpommern_entschlossen_anpacken.pdf\">Arbeitsmarktanalyse und Fachkr\u00e4ftestrategie f\u00fcr Mecklenburg-Vorpommern entschlossen anpacken<\/a><\/li>\n<li><a href=\"https:\/\/www.dokumentation.landtag-mv.de\/parldok\/dokument\/50200\/beschaeftigte_kuenftig_besser_schuetzen_arbeits_und_gesundheitsschutz_in_bund_und_land_staerken.pdf\"> <span class=\"fontstyle0\">Besch\u00e4ftigte k\u00fcnftig besser sch\u00fctzen &#8211; Arbeits- und Gesundheitsschutz in Bund und Land st\u00e4rken<\/span><\/a><\/li>\n<li><a href=\"https:\/\/www.dokumentation.landtag-mv.de\/parldok\/dokument\/49874\/gesetz_ueber_die_foerderung_der_produktionsschulen_in_mecklenburg_vorpommern_produktionsschulgesetz_m_v_prodschulg_m_v.pdf\"><span class=\"fontstyle0\">Entwurf eines Gesetzes \u00fcber die F\u00f6rderung der Produktionsschulen in<br \/>\nMecklenburg-Vorpommern (Produktionsschulgesetz M-V &#8211; ProdschulG M-V)<\/span><\/a><\/li>\n<li><a href=\"https:\/\/www.dokumentation.landtag-mv.de\/parldok\/dokument\/49884\/neue_impulse_fuer_gute_arbeit_in_mecklenburg_vorpommern_setzen_landesvergabegesetz_zielgerichtet_weiterentwickeln.pdf\"><span class=\"fontstyle0\">Neue Impulse f\u00fcr gute Arbeit in Mecklenburg-Vorpommern setzen &#8211; Landesvergabegesetz zielgerichtet weiterentwickeln<\/span><\/a><\/li>\n<li><a href=\"https:\/\/www.dokumentation.landtag-mv.de\/parldok\/dokument\/50064\/entschlossen_fuer_den_erhalt_der_majorel_callcenter_in_schwerin_stralsund_und_neubrandenburg.pdf\"><span class=\"fontstyle0\">Entschlossen f\u00fcr den Erhalt der Majorel-Callcenter in Schwerin, Stralsund und Neubrandenburg<\/span><\/a><\/li>\n<li><a href=\"http:\/\/www.dokumentation.landtag-mv.de\/parldok\/dokument\/47710\/zusagen_einhalten_wirtschaftshilfen_schnell_und_unbuerokratisch_auszahlen.pdf\"><strong>Zusagen einhalten -Wirtschaftshilfen schnell und unb\u00fcrokratisch auszahlen<\/strong><\/a><\/li>\n<li><a href=\"http:\/\/www.dokumentation.landtag-mv.de\/parldok\/dokument\/47322\/qualitaet_im_wohnmobiltourismus_steigern.pdf\"><strong>Qualit\u00e4t im Wohnmobiltourismus steigern<\/strong><\/a><\/li>\n<li><a href=\"http:\/\/www.dokumentation.landtag-mv.de\/parldok\/dokument\/47190\/grundsicherung_fuer_arbeitsuchende_sowie_im_alter_und_bei_erwerbsminderung_zum_1_januar_2020_bedarfsgerecht_anheben.pdf\"><strong>Grundsicherung f\u00fcr Arbeitsuchende sowie im Alter und bei Erwerbsminderungzum 1. Januar 2021bedarfsgerecht anheben<\/strong> <\/a><\/li>\n<li><a href=\"http:\/\/www.dokumentation.landtag-mv.de\/parldok\/dokument\/47053\/drittes_gesetz_zur_aenderung_des_vergabegesetzes_mecklenburg_vorpommern.pdf\"><strong>Entwurf eines Dritten Gesetzes zur \u00c4nderung des Vergabegesetzes Mecklenburg-Vorpommern<\/strong><\/a><\/li>\n<li><a href=\"http:\/\/www.dokumentation.landtag-mv.de\/parldok\/dokument\/46756\/mecklenburg_vorpommern_als_land_der_guten_arbeit_befristete_beschaeftigung_zurueckdraengen.pdf\"><strong>Mecklenburg-Vorpommern als Land der guten Arbeit -Befristete Besch\u00e4ftigung zur\u00fcckdr\u00e4ngen<\/strong><\/a><\/li>\n<li><a href=\"http:\/\/www.dokumentation.landtag-mv.de\/parldok\/dokument\/47190\/grundsicherung_fuer_arbeitsuchende_sowie_im_alter_und_bei_erwerbsminderung_zum_1_januar_2020_bedarfsgerecht_anheben.pdf\"><strong>Grundsicherung f\u00fcr Arbeitsuchende sowie im Alter und bei Erwerbsminderungzum 1. Januar 2021bedarfsgerecht anheben<\/strong><\/a><\/li>\n<li><strong><a href=\"https:\/\/www.landtag-mv.de\/fileadmin\/media\/Dokumente\/Parlamentsdokumente\/Drucksachen\/7_Wahlperiode\/D07-5000\/Drs07-5274.pdf\">Rettungspaket f\u00fcr Kinder-und Jugend\u00fcbernachtungsst\u00e4tten schn\u00fcren<\/a><\/strong><\/li>\n<li><a href=\"http:\/\/www.dokumentation.landtag-mv.de\/parldok\/dokument\/46378\/wirtschaftspolitik_zukunftsorientiert_ausrichten_industriestrategie_fuer_mecklenburg_vorpommern_erarbeiten.pdf\"><strong>Wirtschaftspolitik zukunftsorientiert ausrichten -Industriestrategie f\u00fcr Mecklenburg-Vorpommern erarbeiten<\/strong><\/a><\/li>\n<li><a href=\"http:\/\/www.dokumentation.landtag-mv.de\/parldok\/dokument\/44082\/tarifbindung_in_mecklenburg_vorpommern_staerken.pdf\"><strong>Tarifbindung in Mecklenburg-Vorpommernst\u00e4rken<\/strong><\/a><\/li>\n<li><a href=\"http:\/\/www.dokumentation.landtag-mv.de\/parldok\/dokument\/44670\/15_jahre_hartz_iv_erfordern_kurskorrektur_in_der_arbeitsmarktpolitik.pdf\"><strong>15 JahreHartz IV erfordern Kurskorrektur in der Arbeitsmarktpolitik<\/strong><\/a><\/li>\n<li><a href=\"http:\/\/www.dokumentation.landtag-mv.de\/parldok\/dokument\/43703\/angriffe_auf_das_arbeitszeitgesetz_sofort_stoppen.pdf\"><strong>Angriffe auf das Arbeitszeitgesetz sofort stoppen<\/strong><\/a><\/li>\n<li><a href=\"http:\/\/www.dokumentation.landtag-mv.de\/parldok\/dokument\/43706\/situation_der_beschaeftigten_bei_den_paketdiensten_in_mecklenburg_vorpommern_verbessern.pdf\"><strong>Situation der Besch\u00e4ftigten bei den Paketdiensten in Mecklenburg-Vorpommern verbessern<\/strong><\/a><\/li>\n<li style=\"text-align: justify;\"><a href=\"https:\/\/www.landtag-mv.de\/fileadmin\/media\/Dokumente\/Parlamentsdokumente\/Drucksachen\/7_Wahlperiode\/D07-3000\/Drs07-3247.pdf\"><strong><strong>Hartz IV muss weg<\/strong><\/strong><\/a>&nbsp;<\/li>\n<li><a href=\"http:\/\/www.dokumentation.landtag-mv.de\/parldok\/dokument\/42287\/zielvereinbarungen_rechtzeitig_und_zukunftsorientiert_ausrichten_schwerin_als_hochschulstandort_beruecksichtigen.pdf\"><strong>Zielvereinbarungen rechtzeitig und zukunftsorientiert ausrichten-Schwerin als Hochschulstandort ber\u00fccksichtigen<\/strong><\/a><\/li>\n<li><strong><a href=\"http:\/\/www.dokumentation.landtag-mv.de\/parldok\/dokument\/41830\/arbeitsmarktpolitische_weichen_im_bund_und_in_mecklenburg_vorpommern_richtig_stellen.pdf\">Arbeitsmarktpolitische&nbsp; Weichen&nbsp; im&nbsp; Bund&nbsp; und&nbsp; in&nbsp; Mecklenburg &#8211; Vorpommern richtig stellen<br \/>\n<\/a><\/strong><\/li>\n<li><a href=\"http:\/\/www.dokumentation.landtag-mv.de\/parldok\/dokument\/41814\/aufbau_ost_besorgniserregenden_entwicklungen_mecklenburg_vorpommerns_im_wirtschaftlichen_angleichungsprozess_entgegentreten.pdf\"><strong>Aufbau Ost-besorgniserregenden Entwicklungen Mecklenburg &#8211; Vorpommerns <\/strong><strong>im wirtschaftlichen Angleichungsprozess entgegentreten<\/strong><br \/>\n<\/a><\/li>\n<li><a href=\"http:\/\/www.dokumentation.landtag-mv.de\/parldok\/dokument\/41655\/urlaub_fuer_alle_verdoppelung_der_unterstuetzung_fuer_familienerholungsmassnahmen.pdf\"><strong>F\u00f6rderung von Familienerholungsma\u00dfnahmen<br \/>\n<\/strong><\/a><\/li>\n<li><a href=\"http:\/\/www.dokumentation.landtag-mv.de\/parldok\/dokument\/41299\/fachkraefte_langfristig_binden_ganzjaehrige_beschaeftigung_im_hotel_und_gaststaettengewerbe_foerdern.pdf\"><strong>Fachkr\u00e4fte langfristig binden &#8211; ganzj\u00e4hrige Besch\u00e4ftigung im Hotel- und Gastst\u00e4ttengewerbe f\u00f6rdern<\/strong><br \/>\n<\/a><\/li>\n<li><strong><a href=\"http:\/\/www.dokumentation.landtag-mv.de\/Parldok\/dokument\/41167\/produktionsschulen-zukunftsf%C3%A4hig-machen-dauerhafte-finanzierung-sichern.pdf\">Produktionsschulen zukunftsf\u00e4hig machen &#8211; dauerhafte Finanzierung sichern<br \/>\n<\/a><\/strong><\/li>\n<li><a href=\"http:\/\/www.dokumentation.landtag-mv.de\/Parldok\/dokument\/40778\/mitbestimmung-st%C3%A4rken-betriebsr%C3%A4te-besser-sch%C3%BCtzen.pdf\"><strong>Mitbestimmung st\u00e4rken &#8211; Betriebsr\u00e4te besser sch\u00fctzen<br \/>\n<\/strong><\/a><\/li>\n<li><strong><a href=\"http:\/\/www.dokumentation.landtag-mv.de\/Parldok\/dokument\/40507\/mitbestimmungsrechte-achten-in-dialog-%C3%BCber-besch%C3%A4ftigungsperspektiven-f%C3%BCr-die-zusteller-des-nordkuriers-eintreten.pdf\">Mitbestimmungsrechte achten &#8211; in Dialog \u00fcber Besch\u00e4ftigungsperspektiven f\u00fcr die Zusteller des Nordkuriers eintreten<br \/>\n<\/a><\/strong><\/li>\n<li><strong><a href=\"http:\/\/www.dokumentation.landtag-mv.de\/Parldok\/dokument\/40506\/mecklenburg-vorpommern-wieder-zur-nummer-1-im-kinder-und-jugendtourismus-machen.pdf\">Mecklenburg &#8211; Vorpommern wieder zur Nummer 1 im Kinder &#8211; und Jugendtourismus machen<br \/>\n<\/a><\/strong><\/li>\n<li><a href=\"http:\/\/www.dokumentation.landtag-mv.de\/Parldok\/dokument\/40108\/mittelk%C3%BCrzung-bei-den-jobcentern-stoppen-jobcenter-bedarfsgerecht-ausstatten-integration-in-arbeit-nicht-weiter-behindern.pdf\"><strong>Mittelk\u00fcrzung bei den Jobcentern stoppen &#8211; Jobcenter bedarfsgerecht ausstatten &#8211; Integration in Arbeit nicht weiter behindern<br \/>\n<\/strong><\/a><\/li>\n<li><a href=\"http:\/\/www.dokumentation.landtag-mv.de\/Parldok\/dokument\/40191\/maritimes-erbe-bewahren-traditionsschiffe-nicht-an-die-kette-legen.pdf\"><strong>Maritimes Erbe bewahren &#8211; Traditionsschiffe nicht an die Kette legen<br \/>\n<\/strong><\/a><\/li>\n<li><strong><a href=\"http:\/\/www.dokumentation.landtag-mv.de\/Parldok\/dokument\/40037\/jobcenter-und-sozialgerichte-entlasten-hartz-iv-sanktionen-abschaffen.pdf\">Jobcenter und Sozialgerichte entlasten &#8211; Hartz-IV-Sanktionen abschaffen<br \/>\n<\/a><\/strong><\/li>\n<li><a href=\"http:\/\/www.dokumentation.landtag-mv.de\/Parldok\/dokument\/40038\/entwicklungschancen-nutzen-maritime-industrie-unterst%C3%BCtzen.pdf\"><strong>Entwicklungschancen nutzen &#8211; maritime Industrie unterst\u00fctzen<br \/>\n<\/strong><\/a><\/li>\n<li><strong><a href=\"http:\/\/www.dokumentation.landtag-mv.de\/Parldok\/dokument\/39916\/gute-arbeit-auch-in-der-pflege.pdf\">Gute Arbeit auch in der Pflege<br \/>\n<\/a><\/strong><\/li>\n<li><a href=\"http:\/\/www.dokumentation.landtag-mv.de\/Parldok\/dokument\/39812\/unser-land-braucht-seine-zeitungen-alternativen-zu-arbeitsplatzabbau-und-tarifflucht-aufzeigen.pdf\"><strong>Unser Land braucht seine Zeitungen<\/strong><strong>-Alternativen zu Arbeitsplatzabbau und Tarifflucht aufzeigen<\/strong><br \/>\n<\/a><\/li>\n<li><strong><a href=\"http:\/\/www.dokumentation.landtag-mv.de\/Parldok\/dokument\/37882\/vereinbarkeit-von-erwerbs-und-privatleben-vorleben-private-nutzung-von-dienst-kfz-f%c3%bcr-besch%c3%a4ftigte-der-landesforstanstalt-erm%c3%b6glichen.pdf\">Vereinbarkeit von Erwerbs- und Privatleben vorleben &#8211; private Nutzung von Dienst-Kfz f\u00fcr Besch\u00e4ftigte der Landesforstanstalt erm\u00f6glichen<br \/>\n<\/a><\/strong><\/li>\n<li><a href=\"http:\/\/www.dokumentation.landtag-mv.de\/Parldok\/dokument\/37559\/hartz-iv-rechtsversch%C3%A4rfung-im-bundesrat-nicht-zustimmen.pdf\"><strong>Hartz-IV-Rechtsversch\u00e4rfung im Bundesrat nicht zustimmen<br \/>\n<\/strong><\/a><\/li>\n<li><a href=\"http:\/\/www.dokumentation.landtag-mv.de\/Parldok\/dokument\/37401\/neue-impulse-f%C3%BCr-%E2%80%9Egute-arbeit%E2%80%9C-in-den-servicecentern-des-landes-setzen.pdf\"><strong>Neue Impulse f\u00fcr \u201eGute Arbeit\u201c in den Servicecentern des Landes setzen<br \/>\n<\/strong><\/a><\/li>\n<li><a href=\"http:\/\/www.dokumentation.landtag-mv.de\/Parldok\/dokument\/36885\/betriebliche-interessenvertretung-in-mecklenburg-vorpommern-sichern-und-st%c3%a4rken\"><strong>Betriebliche Interessenvertretung in Mecklenburg-Vorpommern sichern und st\u00e4rken<br \/>\n<\/strong><\/a><\/li>\n<li><strong><a href=\"http:\/\/www.dokumentation.landtag-mv.de\/Parldok\/dokument\/36782\/personalbemessung-in-den-krankenh%c3%a4usern-gesetzlich-regeln.pdf\">Personalbesmessung in Krankenh\u00e4usern gesetzlich regeln<br \/>\n<\/a><\/strong><\/li>\n<li><a href=\"http:\/\/www.landtag-mv.de\/fileadmin\/media\/Dokumente\/Parlamentsdokumente\/Drucksachen\/6_Wahlperiode\/D06-4000\/Drs06-4451.pdf\"><strong>Zwei-Klassen-Streikrecht verhindern &#8211; Bundesratsentschlie\u00dfung aus Bayern ablehnen<br \/>\n<\/strong><\/a><\/li>\n<li><a href=\"http:\/\/www.landtag-mv.de\/fileadmin\/media\/Dokumente\/Parlamentsdokumente\/Drucksachen\/6_Wahlperiode\/D06-4000\/Drs06-4099.pdf\"><strong>Arbeitsmarktpolitik in Bund und Land neu ausrichten &#8211; Perspektiven f\u00fcr die Integration von Langzeitarbeitslosen schaffen<br \/>\n<\/strong><\/a><\/li>\n<li><a href=\"http:\/\/www.landtag-mv.de\/fileadmin\/media\/Dokumente\/Parlamentsdokumente\/Drucksachen\/6_Wahlperiode\/D06-3000\/Drs06-3994.pdf\"><strong>Ausbau der betrieblichen Gesundheitsf\u00f6rderung in Mecklenburg-Vorpommern unterst\u00fctzen<br \/>\n<\/strong><\/a><\/li>\n<li><a href=\"http:\/\/www.dokumentation.landtag-mv.de\/Parldok\/dokument\/35963\/das-muss-drin-sein-kettenbefristungen-bei-arbeitsvertr%c3%a4gen-perspektivisch-abschaffen-.pdf\"><strong>Das muss drin sein! &#8211; Kettenbefristungen bei Arbeitsvertr\u00e4gen perspektivisch abschaffen!<\/strong><\/a><\/li>\n<\/ul>\n<ul>\n<li style=\"text-align: justify;\"><strong><a title=\"PDF Dokument \u00f6ffnen (80,9 KB)\" href=\"http:\/\/www.dokumentation.landtag-mv.de\/Parldok\/dokument\/35754\/einf%c3%bchrung-des-mindestlohns-in-mecklenburg-vorpommern-konstruktiv-begleiten-landeseigenes-mindestlohn-monitoring-etablieren.pdf\">Einf\u00fchrung des Mindestlohns in Mecklenburg-Vorpommern konstruktiv begleiten &#8211; landeseigenes Mindestlohn-Monitoring etablieren<\/a><\/strong><\/li>\n<\/ul>\n<ul>\n<li style=\"text-align: justify;\"><a href=\"http:\/\/www.dokumentation.landtag-mv.de\/Parldok\/dokument\/35417\/grunds%c3%a4tze-fairer-praktika-auch-in-mecklenburg-vorpommern-umsetzen.pdf\"><strong>Grunds\u00e4tze fairer Praktika auch in Mecklenburg-Vorpommern umsetzen<\/strong><\/a><\/li>\n<li><strong><a href=\"http:\/\/www.dokumentation.landtag-mv.de\/Parldok\/dokument\/35316\/einbahnstra%c3%9fe-teilzeitbesch%c3%a4ftigung-beenden-familiengerechte-arbeitswelt-bef%c3%b6rdern.pdf\">Einbahnstra\u00dfe Teilzeitbesch\u00e4ftigung beenden &#8211; familiengerechte Arbeitswelt bef\u00f6rdern<br \/>\n<\/a><\/strong><\/li>\n<li><a href=\"http:\/\/www.dokumentation.landtag-mv.de\/Parldok\/dokument\/35318\/arbeits-und-qualifizierungsbedingungen-der-lehrenden-und-forschenden-an-den-hochschulen-des-landes-verbessern.pdf\"><strong>Arbeits- und Qualifizierungsbedingungen der Lehrenden und Forschenden an den Hochschulen des Landes verbessern<\/strong><\/a><\/li>\n<\/ul>\n<ul>\n<li><a href=\"http:\/\/www.dokumentation.landtag-mv.de\/Parldok\/dokument\/35071\/ausbeutung-durch-werkvertr%c3%a4ge-auch-in-mecklenburg-vorpommern-unterbinden-runden-tisch-%e2%80%9ewerkvertr%c3%a4ge%e2%80%9c-einberufen.pdf\"><strong>Ausbeutungdurch Werkvertr\u00e4ge auch in Mecklenburg-Vorpommern unterbinden &#8211; Runden Tisch \u201eWerkvertr\u00e4ge\u201c einberufen<\/strong><\/a><\/li>\n<\/ul>\n<ul>\n<li><a href=\"http:\/\/www.dokumentation.landtag-mv.de\/Parldok\/dokument\/34831\/langzeitarbeitslosigkeit-als-herausforderung-ernst-nehmen-perspektiven-f%c3%bcr-deren-%c3%bcberwindung-schaffen.pdf\"><strong>Langzeitarbeitslosigkeit als Herausforderung ernst nehmen &#8211; Perspektiven f\u00fcr deren \u00dcberwindung schaffen<\/strong><\/a><\/li>\n<\/ul>\n<ul>\n<li><strong><a title=\"PDF Dokument \u00f6ffnen (21,4 KB)\" href=\"http:\/\/www.dokumentation.landtag-mv.de\/Parldok\/dokument\/34658\/besch%c3%a4ftigte-besser-sch%c3%bctzen-arbeits-und-gesundheitsschutz-in-mecklenburg-vorpommern-st%c3%a4rken.pdf\">Besch\u00e4ftigte besser sch\u00fctzen &#8211; Arbeits- und Gesundheitsschutz in Mecklenburg-Vorpommern st\u00e4rken<\/a><\/strong><\/li>\n<\/ul>\n<ul>\n<li><strong><a href=\"http:\/\/www.dokumentation.landtag-mv.de\/Parldok\/dokument\/34410\/geringf%c3%bcgig-besch%c3%a4ftigte-besser-sch%c3%bctzen-perspektiven-f%c3%bcr-den-%c3%9cbergang-in-sozialversicherungspflichtige-besch%c3%a4ftigung-schaffen.pdf\">Geringf\u00fcgig Besch\u00e4ftigte besser sch\u00fctzen &#8211; Perspektiven f\u00fcr den \u00dcbergang in sozialversicherungspflichtige Besch\u00e4ftigung schaffen<\/a><\/strong><\/li>\n<\/ul>\n<ul>\n<li><a href=\"http:\/\/www.dokumentation.landtag-mv.de\/Parldok\/dokument\/34254\/arbeitsmarktpolitische-spielr%c3%a4ume-gewinnen-haushalte-der-jobcenter-bedarfsgerecht-ausstatten.pdf\"><strong>Arbeitsmarktpolitische Spielr\u00e4ume gewinnen &#8211; Haushalte der Jobcenter bedarfsgerecht ausstatten<\/strong><\/a><\/li>\n<\/ul>\n<ul>\n<li><a href=\"http:\/\/www.linksfraktionmv.de\/fileadmin\/fraktion\/Sitzungen\/2013\/Dezember\/AK%20SBK%20Erfolgreiche%20Arbeit%20der%20Produktionsschulen%20sichern.pdf\"><strong>Erfolgreiche Arbeit der Produktionsschulen sichern &#8211; Produktionsschulkonzept nicht aushebeln<\/strong><\/a><\/li>\n<\/ul>\n<ul>\n<li><a href=\"http:\/\/www.dokumentation.landtag-mv.de\/Parldok\/dokument\/33868\/ausbildungsbedingungen-verbessern-mindestausbildungsverg%c3%bctung-einf%c3%bchren-fachkr%c3%a4ftenachwuchs-sichern.pdf\"><strong>Ausbildungsbedingungen verbessern -Mindestausbildungsverg\u00fctung einf\u00fchren-Fachkr\u00e4ftenachwuchs sichern<\/strong><\/a><\/li>\n<\/ul>\n<ul>\n<li><a href=\"http:\/\/www.dokumentation.landtag-mv.de\/Parldok\/dokument\/33745\/missbrauch-von-werkvertr%c3%a4gen-endlich-wirksam-verhindern.pdf\"><strong>Missbrauch von Werkvertr\u00e4gen endlich wirksam verhindern<\/strong><\/a><\/li>\n<\/ul>\n<ul>\n<li><a href=\"http:\/\/www.dokumentation.landtag-mv.de\/Parldok\/dokument\/33359\/berufseinsteiger-besser-sch%c3%bctzen-(schein-)praktika-wirksam-unterbinden.pdf\"> <strong>Berufseinsteiger besser sch\u00fctzen &#8211; (Schein-)Praktika wirksam unterbinden<\/strong><\/a><\/li>\n<\/ul>\n<ul>\n<li><a href=\"http:\/\/www.dokumentation.landtag-mv.de\/Parldok\/dokument\/33312\/gestaltungsspielraum-f%c3%bcr-arbeitsmarktpolitische-ma%c3%9fnahmen-im-bereich-des-sgb-ii-erh%c3%b6hen-%c3%9cbertragung-nicht-verbrauchter-eingliederungsmittel.pdf\"><strong>Gestaltungsspielraum f\u00fcr arbeitsmarktpolitische Ma\u00dfnahmen im SGB II Bereich erh\u00f6hen \u2013 \u00dcbertragung nicht verbrauchter Eingliederungsmittel ins Folgejahr erm\u00f6glichen<\/strong><\/a><\/li>\n<\/ul>\n<ul>\n<li><a href=\"http:\/\/www.dokumentation.landtag-mv.de\/Parldok\/dokument\/33104\/leiharbeitsverh%c3%a4ltnisse-wirksam-begrenzen.pdf\"><strong>Leiharbeitsverh\u00e4ltnisse wirksam begrenzen<\/strong><\/a><\/li>\n<\/ul>\n<ul>\n<li><a href=\"http:\/\/www.dokumentation.landtag-mv.de\/Parldok\/dokument\/32966\/schutzbereich-der-arbeitslosenversicherung-erweitern-anwartschaftszeit-und-rahmenfrist-im-sgb-iii-neu-regeln.pdf\"><strong>Schutzbereich der Arbeitslosenversicherung erweitern &#8211; Anwartschaftszeit &amp; Rahmenfrist im SGB III neu regeln<\/strong><\/a><\/li>\n<\/ul>\n<ul>\n<li><a href=\"http:\/\/www.dokumentation.landtag-mv.de\/Parldok\/dokument\/32967\/regelungen-zum-mutterschutz-verbessern-und-selbstst%c3%a4ndig-erwerbst%c3%a4tige-frauen-mit-einbeziehen.pdf\"><strong>Regelungen zum Mutterschutz verbessern und selbstst\u00e4ndig erwerbst\u00e4tige Frauen mit einbeziehen<\/strong><\/a><\/li>\n<\/ul>\n<ul>\n<li><a href=\"http:\/\/www.dokumentation.landtag-mv.de\/Parldok\/dokument\/32781\/landesarbeitsmarktpolitik-dialogorientiert-aufstellen-und-umsetzen.pdf\"><strong>Landesarbeitsmarktpolitik dialogorientiert aufstellen und umsetzen<\/strong><\/a><\/li>\n<\/ul>\n<ul>\n<li><a href=\"http:\/\/www.dokumentation.landtag-mv.de\/Parldok\/dokument\/32599\/teilhabe-f%c3%bcr-langzeitarbeitslose-durch-einrichtung-eines-sozialen-arbeitsmarktes-erm%c3%b6glichen.pdf\"><strong>Teilhabe f\u00fcr Langzeitarbeitslose durch Einrichtung eines sozialen Arbeitsmarktes erm\u00f6glichen<\/strong><\/a><\/li>\n<\/ul>\n<ul>\n<li><a href=\"http:\/\/www.dokumentation.landtag-mv.de\/Parldok\/dokument\/32427\/psychische-belastungen-am-arbeitsplatz-reduzieren-antistressverordnung-einf%c3%bchren.pdf\"><strong>Psychische Belastungen am Arbeitsplatz reduzieren \u2013 Antistressverordnung einf\u00fchren<\/strong><\/a><\/li>\n<\/ul>\n<ul>\n<li><a href=\"http:\/\/www.dokumentation.landtag-mv.de\/Parldok\/dokument\/32290\/befristete-besch%c3%a4ftigungsverh%c3%a4ltnisse-eind%c3%a4mmen.pdf\"><strong>Befristete Besch\u00e4ftigungsverh\u00e4ltnisse eind\u00e4mmen<\/strong><\/a><\/li>\n<\/ul>\n<ul>\n<li><a href=\"http:\/\/www.dokumentation.landtag-mv.de\/Parldok\/dokument\/32160\/f%c3%b6rderung-prek%c3%a4rer-besch%c3%a4ftigungsverh%c3%a4ltnisse-stoppen.pdf\"><strong>F\u00f6rderung prek\u00e4rer Besch\u00e4ftigungsverh\u00e4ltnisse stoppen<\/strong><\/a><\/li>\n<\/ul>\n<ul>\n<li><a href=\"http:\/\/www.dokumentation.landtag-mv.de\/Parldok\/dokument\/31886\/von-insolvenz-bei-schlecker-betroffenen-besch%c3%a4ftigten-helfen.pdf\"><strong>Von Insolvenz bei Schlecker betroffenen Besch\u00e4ftigten helfen<\/strong><\/a><\/li>\n<\/ul>\n<ul>\n<li><a href=\"http:\/\/www.dokumentation.landtag-mv.de\/Parldok\/dokument\/31608\/arm-trotz-arbeit-lohndumping-durch-einsatz-von-leiharbeit-und-werkvertr%c3%a4gen-verhindern.pdf\"><strong>Arm trotz Arbeit &#8211; Lohndumping durch Einsatz von Leiharbeit &amp; Werkvertr\u00e4gen verhindern<\/strong><\/a><\/li>\n<\/ul>\n<ul>\n<li>&nbsp;<a href=\"http:\/\/www.dokumentation.landtag-mv.de\/Parldok\/dokument\/31228\/f%c3%bcr-einen-mindestlohn-von-10-euro-in-bund-und-land.pdf\"><strong>F\u00fcr einen Mindestlohn von 10 Euro in Bund und Land<\/strong><\/a><\/li>\n<\/ul>\n<ul>\n<li><a href=\"http:\/\/www.dokumentation.landtag-mv.de\/Parldok\/dokument\/31048\/vorrundengruppenspiele-zur-volleyball-europameisterschaften-2013-in-mecklenburg-vorpommern-unterst%c3%bctzen.pdf\"><strong>Vorrundengruppenspiele zur Volleyball-Europameisterschaft 2013 in Mecklenburg-Vorpommern unterst\u00fctzen<\/strong><\/a><\/li>\n<\/ul>\n<ul>\n<li><a href=\"http:\/\/www.dokumentation.landtag-mv.de\/Parldok\/dokument\/31102\/wissenschaftliche-studien-ernst-nehmen-umgehend-normenkontrollklage-zu-regels%c3%a4tzen-einleiten.pdf\"><strong>Wissenschaftliche Studien ernst nehmen &#8211; umgehend Normenkontrollklage zu Regels\u00e4tzen einleiten<\/strong><\/a><\/li>\n<\/ul>\n<ul>\n<li><a href=\"http:\/\/www.dokumentation.landtag-mv.de\/Parldok\/dokument\/30993\/f%c3%bcr-sozialversicherungspflichtige-besch%c3%a4ftigung-und-eine-aktive-arbeitsmarktpolitik-im-bund-und-in-mecklenburg-vorpommern.pdf\"><strong>F\u00fcr sozialversicherungspflichtige Besch\u00e4ftigung und eine aktive Arbeitsmarktpolitik im Bund und in MV<\/strong><\/a><\/li>\n<\/ul>\n","protected":false},"excerpt":{"rendered":"<p>Hier finden Sie ab sofort die Landtagsantr\u00e4ge, die in meinem Zust\u00e4ndigkeitsbereich erarbeitet wurden. Zum Lesen bitte einfach den Antragstitel anklicken. Schulsozialarbeiterinnen und -arbeiter an beruflichen Schulen des Landes Mecklenburg-Vorpommern Handwerk in Mecklenburg-Vorpommern attraktiv und zukunftsf\u00e4hig entwickeln Erfolgsgeschichte fortschreiben \u2013 Zukunftsbranche Gesundheitswirtschaft weiter voranbringen Radverkehr st\u00e4rken \u2013 Beratung zu F\u00f6rderm\u00f6glichkeiten und Verbesserungen von Infrastruktur etablieren Sozialpartnerschaft [&hellip;]<\/p>\n","protected":false},"author":1,"featured_media":0,"parent":0,"menu_order":0,"comment_status":"open","ping_status":"open","template":"","meta":{"ngg_post_thumbnail":0,"footnotes":""},"class_list":["post-58","page","type-page","status-publish","hentry"],"_links":{"self":[{"href":"https:\/\/henning-foerster.de\/index.php?rest_route=\/wp\/v2\/pages\/58","targetHints":{"allow":["GET"]}}],"collection":[{"href":"https:\/\/henning-foerster.de\/index.php?rest_route=\/wp\/v2\/pages"}],"about":[{"href":"https:\/\/henning-foerster.de\/index.php?rest_route=\/wp\/v2\/types\/page"}],"author":[{"embeddable":true,"href":"https:\/\/henning-foerster.de\/index.php?rest_route=\/wp\/v2\/users\/1"}],"replies":[{"embeddable":true,"href":"https:\/\/henning-foerster.de\/index.php?rest_route=%2Fwp%2Fv2%2Fcomments&post=58"}],"version-history":[{"count":202,"href":"https:\/\/henning-foerster.de\/index.php?rest_route=\/wp\/v2\/pages\/58\/revisions"}],"predecessor-version":[{"id":16071,"href":"https:\/\/henning-foerster.de\/index.php?rest_route=\/wp\/v2\/pages\/58\/revisions\/16071"}],"wp:attachment":[{"href":"https:\/\/henning-foerster.de\/index.php?rest_route=%2Fwp%2Fv2%2Fmedia&parent=58"}],"curies":[{"name":"wp","href":"https:\/\/api.w.org\/{rel}","templated":true}]}}