{"id":11,"date":"2011-07-21T10:28:18","date_gmt":"2011-07-21T08:28:18","guid":{"rendered":"http:\/\/www.henning-foerster.de\/?page_id=11"},"modified":"2024-12-11T14:36:40","modified_gmt":"2024-12-11T13:36:40","slug":"initiativen","status":"publish","type":"page","link":"https:\/\/henning-foerster.de\/?page_id=11","title":{"rendered":"Stadtpolitik"},"content":{"rendered":"<p style=\"text-align: left;\"><strong>Aktuelle Anfragen und Antr\u00e4ge sind <a href=\"https:\/\/www.die-linke-schwerin.de\/stadtpolitik\/henning-foerster\/\">HIER<\/a>.<\/strong><\/p>\n<p><strong><a href=\"https:\/\/www.die-linke-schwerin.de\/stadtfraktion\/antraege\/\">HIER<\/a><\/strong> <strong>finden Sie<\/strong> <strong>\u00e4ltere Antr\u00e4ge und <\/strong><strong><a href=\"https:\/\/www.die-linke-schwerin.de\/stadtfraktion\/anfragen\/\">HIER<\/a> &nbsp;\u00e4ltere Anfragen<\/strong><\/p>\n\n\n<p><\/p>\n","protected":false},"excerpt":{"rendered":"<p>Aktuelle Anfragen und Antr\u00e4ge sind HIER. HIER finden Sie \u00e4ltere Antr\u00e4ge und HIER &nbsp;\u00e4ltere Anfragen<\/p>\n","protected":false},"author":1,"featured_media":0,"parent":0,"menu_order":0,"comment_status":"closed","ping_status":"closed","template":"","meta":{"ngg_post_thumbnail":0,"footnotes":""},"class_list":["post-11","page","type-page","status-publish","hentry"],"_links":{"self":[{"href":"https:\/\/henning-foerster.de\/index.php?rest_route=\/wp\/v2\/pages\/11","targetHints":{"allow":["GET"]}}],"collection":[{"href":"https:\/\/henning-foerster.de\/index.php?rest_route=\/wp\/v2\/pages"}],"about":[{"href":"https:\/\/henning-foerster.de\/index.php?rest_route=\/wp\/v2\/types\/page"}],"author":[{"embeddable":true,"href":"https:\/\/henning-foerster.de\/index.php?rest_route=\/wp\/v2\/users\/1"}],"replies":[{"embeddable":true,"href":"https:\/\/henning-foerster.de\/index.php?rest_route=%2Fwp%2Fv2%2Fcomments&post=11"}],"version-history":[{"count":348,"href":"https:\/\/henning-foerster.de\/index.php?rest_route=\/wp\/v2\/pages\/11\/revisions"}],"predecessor-version":[{"id":16196,"href":"https:\/\/henning-foerster.de\/index.php?rest_route=\/wp\/v2\/pages\/11\/revisions\/16196"}],"wp:attachment":[{"href":"https:\/\/henning-foerster.de\/index.php?rest_route=%2Fwp%2Fv2%2Fmedia&parent=11"}],"curies":[{"name":"wp","href":"https:\/\/api.w.org\/{rel}","templated":true}]}}